{"id":1451,"date":"2022-08-05T15:16:03","date_gmt":"2022-08-05T15:16:03","guid":{"rendered":"https:\/\/www.nm-translator.com\/credits\/"},"modified":"2022-08-08T09:49:42","modified_gmt":"2022-08-08T09:49:42","slug":"credits","status":"publish","type":"page","link":"https:\/\/www.nm-translator.com\/es\/credits\/","title":{"rendered":"Cr\u00e9dits"},"content":{"rendered":"<div class=\"fusion-fullwidth fullwidth-box fusion-builder-row-1 fusion-flex-container nonhundred-percent-fullwidth non-hundred-percent-height-scrolling\" style=\"background-color: rgba(255,255,255,0);background-position: center center;background-repeat: no-repeat;border-width: 0px 0px 0px 0px;border-color:#e2e2e2;border-style:solid;\" ><div class=\"fusion-builder-row fusion-row fusion-flex-align-items-flex-start\" style=\"max-width:1331.2px;margin-left: calc(-4% \/ 2 );margin-right: calc(-4% \/ 2 );\"><div class=\"fusion-layout-column fusion_builder_column fusion-builder-column-0 fusion_builder_column_1_1 1_1 fusion-flex-column\"><div class=\"fusion-column-wrapper fusion-flex-justify-content-flex-start fusion-content-layout-column\" style=\"background-position:left top;background-repeat:no-repeat;-webkit-background-size:cover;-moz-background-size:cover;-o-background-size:cover;background-size:cover;padding: 0px 0px 0px 0px;\"><style type=\"text\/css\">@media only screen and (max-width:1024px) {.fusion-title.fusion-title-1{margin-top:10px!important;margin-bottom:15px!important;}}@media only screen and (max-width:640px) {.fusion-title.fusion-title-1{margin-top:10px!important;margin-bottom:10px!important;}}<\/style><div class=\"fusion-title title fusion-title-1 fusion-sep-none fusion-title-text fusion-title-size-one\" style=\"font-size:28px;margin-top:10px;margin-bottom:15px;\"><h1 class=\"title-heading-left\" style=\"margin:0;font-size:1em;\"><p class=\"title-heading-left\" style=\"text-align: left;\" data-fontsize=\"30\" data-lineheight=\"39\">Cr\u00e9dits<\/p><\/h1><\/div><div class=\"fusion-text fusion-text-1\"><ul>\n<li>Grafismo y concepci\u00f3n : <a href=\"https:\/\/breizh-couleurs.fr\/\" target=\"_blank\" rel=\"noopener\">Breizh Couleurs<\/a><\/li>\n<li>Foto : <a href=\"https:\/\/claudeleguillard.com\/\" target=\"_blank\" rel=\"noopener\">Claude Le Guillard<\/a><\/li>\n<li>Traducci\u00f3n al ingl\u00e9s : <a href=\"http:\/\/johnstonoger-traductions.fr\/\" target=\"_blank\" rel=\"noopener\">Janet Johnston-Oger<\/a><\/li>\n<li>Traducci\u00f3n al sueco : <a href=\"https:\/\/www.linkedin.com\/in\/swedishbusinesstranslator\/\" target=\"_blank\" rel=\"noopener\">Maria Bertillson<\/a><\/li>\n<li>Traducci\u00f3n al espa\u00f1ol : Mart\u00edn Ocampo Castro<\/li>\n<\/ul>\n<\/div><\/div><\/div><style type=\"text\/css\">.fusion-body .fusion-builder-column-0{width:100% !important;margin-top : 0px;margin-bottom : 0px;}.fusion-builder-column-0 > .fusion-column-wrapper {padding-top : 0px !important;padding-right : 0px !important;margin-right : 1.92%;padding-bottom : 0px !important;padding-left : 0px !important;margin-left : 1.92%;}@media only screen and (max-width:1024px) {.fusion-body .fusion-builder-column-0{width:100% !important;}.fusion-builder-column-0 > .fusion-column-wrapper {margin-right : 1.92%;margin-left : 1.92%;}}@media only screen and (max-width:640px) {.fusion-body .fusion-builder-column-0{width:100% !important;}.fusion-builder-column-0 > .fusion-column-wrapper {margin-right : 1.92%;margin-left : 1.92%;}}<\/style><\/div><style type=\"text\/css\">.fusion-body .fusion-flex-container.fusion-builder-row-1{ padding-top : 2%;margin-top : 0px;padding-right : 7%;padding-bottom : 2%;margin-bottom : 0px;padding-left : 7%;}<\/style><\/div>\n","protected":false},"excerpt":{"rendered":"","protected":false},"author":1,"featured_media":0,"parent":0,"menu_order":0,"comment_status":"closed","ping_status":"closed","template":"","meta":{"footnotes":""},"class_list":["post-1451","page","type-page","status-publish","hentry"],"yoast_head":"<!-- This site is optimized with the Yoast SEO plugin v19.4 - https:\/\/yoast.com\/wordpress\/plugins\/seo\/ -->\n<title>Cr\u00e9dits - Nicolas Marie<\/title>\n<meta name=\"robots\" content=\"noindex, follow\" \/>\n<meta property=\"og:locale\" content=\"es_ES\" \/>\n<meta property=\"og:type\" content=\"article\" \/>\n<meta property=\"og:title\" content=\"Cr\u00e9dits - Nicolas Marie\" \/>\n<meta property=\"og:url\" content=\"https:\/\/www.nm-translator.com\/es\/credits\/\" \/>\n<meta property=\"og:site_name\" content=\"Nicolas Marie\" \/>\n<meta property=\"article:modified_time\" content=\"2022-08-08T09:49:42+00:00\" \/>\n<meta name=\"twitter:card\" content=\"summary_large_image\" \/>\n<meta name=\"twitter:label1\" content=\"Tiempo de lectura\" \/>\n\t<meta name=\"twitter:data1\" content=\"2 minutos\" \/>\n<script type=\"application\/ld+json\" class=\"yoast-schema-graph\">{\"@context\":\"https:\/\/schema.org\",\"@graph\":[{\"@type\":[\"Person\",\"Organization\"],\"@id\":\"https:\/\/www.nm-translator.com\/#\/schema\/person\/4819442ced15b3d4c4a5b480f0293714\",\"name\":\"530380062NMATRAD2022\",\"image\":{\"@type\":\"ImageObject\",\"inLanguage\":\"es\",\"@id\":\"https:\/\/www.nm-translator.com\/#\/schema\/person\/image\/\",\"url\":\"https:\/\/secure.gravatar.com\/avatar\/4d3190ad6d35e760f615a428979d2e0a59af9d721dba8b6083fa89af3fe7fbb0?s=96&d=mm&r=g\",\"contentUrl\":\"https:\/\/secure.gravatar.com\/avatar\/4d3190ad6d35e760f615a428979d2e0a59af9d721dba8b6083fa89af3fe7fbb0?s=96&d=mm&r=g\",\"caption\":\"530380062NMATRAD2022\"},\"logo\":{\"@id\":\"https:\/\/www.nm-translator.com\/#\/schema\/person\/image\/\"},\"sameAs\":[\"https:\/\/www.nm-translator.com\",\"https:\/\/fr.linkedin.com\/in\/nicolas-marie-79636111\"]},{\"@type\":\"WebSite\",\"@id\":\"https:\/\/www.nm-translator.com\/#website\",\"url\":\"https:\/\/www.nm-translator.com\/\",\"name\":\"Nicolas Marie\",\"description\":\"Traducteur de l&#039;anglais et du su&eacute;dois vers le fran&ccedil;ais\",\"publisher\":{\"@id\":\"https:\/\/www.nm-translator.com\/#\/schema\/person\/4819442ced15b3d4c4a5b480f0293714\"},\"potentialAction\":[{\"@type\":\"SearchAction\",\"target\":{\"@type\":\"EntryPoint\",\"urlTemplate\":\"https:\/\/www.nm-translator.com\/?s={search_term_string}\"},\"query-input\":\"required name=search_term_string\"}],\"inLanguage\":\"es\"},{\"@type\":\"WebPage\",\"@id\":\"https:\/\/www.nm-translator.com\/es\/credits\/\",\"url\":\"https:\/\/www.nm-translator.com\/es\/credits\/\",\"name\":\"Cr\u00e9dits - Nicolas Marie\",\"isPartOf\":{\"@id\":\"https:\/\/www.nm-translator.com\/#website\"},\"datePublished\":\"2022-08-05T15:16:03+00:00\",\"dateModified\":\"2022-08-08T09:49:42+00:00\",\"breadcrumb\":{\"@id\":\"https:\/\/www.nm-translator.com\/es\/credits\/#breadcrumb\"},\"inLanguage\":\"es\",\"potentialAction\":[{\"@type\":\"ReadAction\",\"target\":[\"https:\/\/www.nm-translator.com\/es\/credits\/\"]}]},{\"@type\":\"BreadcrumbList\",\"@id\":\"https:\/\/www.nm-translator.com\/es\/credits\/#breadcrumb\",\"itemListElement\":[{\"@type\":\"ListItem\",\"position\":1,\"name\":\"Accueil\",\"item\":\"https:\/\/www.nm-translator.com\/es\/\"},{\"@type\":\"ListItem\",\"position\":2,\"name\":\"Cr\u00e9dits\"}]}]}<\/script>\n<!-- \/ Yoast SEO plugin. -->","yoast_head_json":{"title":"Cr\u00e9dits - Nicolas Marie","robots":{"index":"noindex","follow":"follow"},"og_locale":"es_ES","og_type":"article","og_title":"Cr\u00e9dits - Nicolas Marie","og_url":"https:\/\/www.nm-translator.com\/es\/credits\/","og_site_name":"Nicolas Marie","article_modified_time":"2022-08-08T09:49:42+00:00","twitter_card":"summary_large_image","twitter_misc":{"Tiempo de lectura":"2 minutos"},"schema":{"@context":"https:\/\/schema.org","@graph":[{"@type":["Person","Organization"],"@id":"https:\/\/www.nm-translator.com\/#\/schema\/person\/4819442ced15b3d4c4a5b480f0293714","name":"530380062NMATRAD2022","image":{"@type":"ImageObject","inLanguage":"es","@id":"https:\/\/www.nm-translator.com\/#\/schema\/person\/image\/","url":"https:\/\/secure.gravatar.com\/avatar\/4d3190ad6d35e760f615a428979d2e0a59af9d721dba8b6083fa89af3fe7fbb0?s=96&d=mm&r=g","contentUrl":"https:\/\/secure.gravatar.com\/avatar\/4d3190ad6d35e760f615a428979d2e0a59af9d721dba8b6083fa89af3fe7fbb0?s=96&d=mm&r=g","caption":"530380062NMATRAD2022"},"logo":{"@id":"https:\/\/www.nm-translator.com\/#\/schema\/person\/image\/"},"sameAs":["https:\/\/www.nm-translator.com","https:\/\/fr.linkedin.com\/in\/nicolas-marie-79636111"]},{"@type":"WebSite","@id":"https:\/\/www.nm-translator.com\/#website","url":"https:\/\/www.nm-translator.com\/","name":"Nicolas Marie","description":"Traducteur de l&#039;anglais et du su&eacute;dois vers le fran&ccedil;ais","publisher":{"@id":"https:\/\/www.nm-translator.com\/#\/schema\/person\/4819442ced15b3d4c4a5b480f0293714"},"potentialAction":[{"@type":"SearchAction","target":{"@type":"EntryPoint","urlTemplate":"https:\/\/www.nm-translator.com\/?s={search_term_string}"},"query-input":"required name=search_term_string"}],"inLanguage":"es"},{"@type":"WebPage","@id":"https:\/\/www.nm-translator.com\/es\/credits\/","url":"https:\/\/www.nm-translator.com\/es\/credits\/","name":"Cr\u00e9dits - Nicolas Marie","isPartOf":{"@id":"https:\/\/www.nm-translator.com\/#website"},"datePublished":"2022-08-05T15:16:03+00:00","dateModified":"2022-08-08T09:49:42+00:00","breadcrumb":{"@id":"https:\/\/www.nm-translator.com\/es\/credits\/#breadcrumb"},"inLanguage":"es","potentialAction":[{"@type":"ReadAction","target":["https:\/\/www.nm-translator.com\/es\/credits\/"]}]},{"@type":"BreadcrumbList","@id":"https:\/\/www.nm-translator.com\/es\/credits\/#breadcrumb","itemListElement":[{"@type":"ListItem","position":1,"name":"Accueil","item":"https:\/\/www.nm-translator.com\/es\/"},{"@type":"ListItem","position":2,"name":"Cr\u00e9dits"}]}]}},"_links":{"self":[{"href":"https:\/\/www.nm-translator.com\/es\/wp-json\/wp\/v2\/pages\/1451","targetHints":{"allow":["GET"]}}],"collection":[{"href":"https:\/\/www.nm-translator.com\/es\/wp-json\/wp\/v2\/pages"}],"about":[{"href":"https:\/\/www.nm-translator.com\/es\/wp-json\/wp\/v2\/types\/page"}],"author":[{"embeddable":true,"href":"https:\/\/www.nm-translator.com\/es\/wp-json\/wp\/v2\/users\/1"}],"replies":[{"embeddable":true,"href":"https:\/\/www.nm-translator.com\/es\/wp-json\/wp\/v2\/comments?post=1451"}],"version-history":[{"count":2,"href":"https:\/\/www.nm-translator.com\/es\/wp-json\/wp\/v2\/pages\/1451\/revisions"}],"predecessor-version":[{"id":1489,"href":"https:\/\/www.nm-translator.com\/es\/wp-json\/wp\/v2\/pages\/1451\/revisions\/1489"}],"wp:attachment":[{"href":"https:\/\/www.nm-translator.com\/es\/wp-json\/wp\/v2\/media?parent=1451"}],"curies":[{"name":"wp","href":"https:\/\/api.w.org\/{rel}","templated":true}]}}