{"id":979,"date":"2022-07-18T11:37:42","date_gmt":"2022-07-18T11:37:42","guid":{"rendered":"https:\/\/www.nm-translator.com\/?page_id=979"},"modified":"2022-08-08T09:11:06","modified_gmt":"2022-08-08T09:11:06","slug":"contactame","status":"publish","type":"page","link":"https:\/\/www.nm-translator.com\/es\/contactame\/","title":{"rendered":"Cont\u00e1ctame"},"content":{"rendered":"<div class=\"fusion-fullwidth fullwidth-box fusion-builder-row-1 fusion-flex-container hundred-percent-fullwidth non-hundred-percent-height-scrolling\" style=\"background-color: rgba(255,255,255,0);background-position: center center;background-repeat: no-repeat;border-width: 0px 0px 0px 0px;border-color:#e2e2e2;border-style:solid;\" ><div class=\"fusion-builder-row fusion-row fusion-flex-align-items-stretch\" style=\"width:104% !important;max-width:104% !important;margin-left: calc(-4% \/ 2 );margin-right: calc(-4% \/ 2 );\"><div class=\"fusion-layout-column fusion_builder_column fusion-builder-column-0 fusion_builder_column_2_5 2_5 fusion-flex-column fusion-animated\" data-animationType=\"fadeInLeft\" data-animationDuration=\"1.0\" data-animationOffset=\"100%\"><div class=\"fusion-column-wrapper fusion-flex-justify-content-center fusion-content-layout-column\" style=\"background-position:left top;background-repeat:no-repeat;-webkit-background-size:cover;-moz-background-size:cover;-o-background-size:cover;background-size:cover;padding: 8% 0px 0px 0px;\"><style type=\"text\/css\">@media only screen and (max-width:1024px) {.fusion-title.fusion-title-1{margin-top:10px!important;margin-bottom:15px!important;}}@media only screen and (max-width:640px) {.fusion-title.fusion-title-1{margin-top:10px!important;margin-bottom:10px!important;}}<\/style><div class=\"fusion-title title fusion-title-1 fusion-sep-none fusion-title-text fusion-title-size-one\" style=\"font-size:54px;margin-top:10px;margin-bottom:15px;\"><h1 class=\"title-heading-left\" style=\"margin:0;font-size:1em;\">Nicolas Marie, EI<\/h1><\/div><div class=\"fusion-separator\" style=\"align-self: flex-start;margin-right:auto;margin-top:3%;margin-bottom:5%;width:100%;max-width:75%;\"><div class=\"fusion-separator-border sep-single sep-dashed\" style=\"border-color:#007d96;border-top-width:1px;\"><\/div><\/div><div class=\"fusion-text fusion-text-1\"><p>Regi\u00f3n de Rennes, Breta\u00f1a<br \/>\nFrancia<\/p>\n<p>T\u00e9l. 02 96 39 75 08<br \/>\nPort : 06 16 45 21 18<br \/>\nEmail : nicolas.marie@nmatrad.com<\/p>\n<\/div><div class=\"fusion-social-links\"><div class=\"fusion-social-networks\"><div class=\"fusion-social-networks-wrapper\"><a class=\"fusion-social-network-icon fusion-tooltip fusion-twitter fusion-icon-twitter\" style=\"color:#9ea0a4;font-size:16px;\" data-placement=\"top\" data-title=\"Twitter\" data-toggle=\"tooltip\" title=\"Twitter\" aria-label=\"twitter\" target=\"_blank\" rel=\"noopener noreferrer\" href=\"https:\/\/twitter.com\/NiklasAppelqvis\"><\/a><a class=\"fusion-social-network-icon fusion-tooltip fusion-linkedin fusion-icon-linkedin\" style=\"color:#9ea0a4;font-size:16px;\" data-placement=\"top\" data-title=\"LinkedIn\" data-toggle=\"tooltip\" title=\"LinkedIn\" aria-label=\"linkedin\" target=\"_blank\" rel=\"noopener noreferrer\" href=\"https:\/\/fr.linkedin.com\/in\/nicolas-marie-79636111\"><\/a><\/div><\/div><\/div><\/div><\/div><style type=\"text\/css\">.fusion-body .fusion-builder-column-0{width:40% !important;margin-top : 0px;margin-bottom : 0px;}.fusion-builder-column-0 > .fusion-column-wrapper {padding-top : 8% !important;padding-right : 0px !important;margin-right : 4.8%;padding-bottom : 0px !important;padding-left : 0px !important;margin-left : 4.8%;}@media only screen and (max-width:1024px) {.fusion-body .fusion-builder-column-0{width:40% !important;order : 0;}.fusion-builder-column-0 > .fusion-column-wrapper {margin-right : 4.8%;margin-left : 4.8%;}}@media only screen and (max-width:640px) {.fusion-body .fusion-builder-column-0{width:100% !important;order : 0;}.fusion-builder-column-0 > .fusion-column-wrapper {margin-right : 1.92%;margin-left : 1.92%;}}<\/style><div class=\"fusion-layout-column fusion_builder_column fusion-builder-column-1 fusion_builder_column_3_5 3_5 fusion-flex-column fusion-animated\" data-animationType=\"fadeInRight\" data-animationDuration=\"1.0\" data-animationOffset=\"100%\"><div class=\"fusion-column-wrapper fusion-flex-justify-content-center fusion-content-layout-column\" style=\"background-position:left top;background-repeat:no-repeat;-webkit-background-size:cover;-moz-background-size:cover;-o-background-size:cover;background-size:cover;background-color:rgba(0,0,0,0.02);padding: 8% 10% 8% 10%;\"><style type=\"text\/css\">@media only screen and (max-width:1024px) {.fusion-title.fusion-title-2{margin-top:10px!important;margin-bottom:15px!important;}}@media only screen and (max-width:640px) {.fusion-title.fusion-title-2{margin-top:10px!important;margin-bottom:10px!important;}}<\/style><div class=\"fusion-title title fusion-title-2 fusion-sep-none fusion-title-center fusion-title-text fusion-title-size-one\" style=\"font-size:32px;margin-top:10px;margin-bottom:15px;\"><h1 class=\"title-heading-center\" style=\"margin:0;font-size:1em;\">\u00bfC\u00f3mo puedo ayuadarte?<\/h1><\/div><div class=\"fusion-separator fusion-full-width-sep\" style=\"align-self: center;margin-left: auto;margin-right: auto;margin-bottom:-2%;width:100%;\"><\/div><div class=\"fusion-text fusion-text-2\"><p style=\"text-align: center;\">Solicita tu presupuesto gratuitamente<\/p>\n<\/div><div class=\"fusion-separator fusion-full-width-sep\" style=\"align-self: center;margin-left: auto;margin-right: auto;margin-top:3%;margin-bottom:5%;width:100%;\"><\/div><div role=\"form\" class=\"wpcf7\" id=\"wpcf7-f961-o1\" lang=\"fr-FR\" dir=\"ltr\">\n<div class=\"screen-reader-response\"><p role=\"status\" aria-live=\"polite\" aria-atomic=\"true\"><\/p> <ul><\/ul><\/div>\n<form action=\"\/es\/wp-json\/wp\/v2\/pages\/979#wpcf7-f961-o1\" method=\"post\" class=\"wpcf7-form init\" enctype=\"multipart\/form-data\" novalidate=\"novalidate\" data-status=\"init\">\n<div style=\"display: none;\">\n<input type=\"hidden\" name=\"_wpcf7\" value=\"961\" \/>\n<input type=\"hidden\" name=\"_wpcf7_version\" value=\"5.6.1\" \/>\n<input type=\"hidden\" name=\"_wpcf7_locale\" value=\"fr_FR\" \/>\n<input type=\"hidden\" name=\"_wpcf7_unit_tag\" value=\"wpcf7-f961-o1\" \/>\n<input type=\"hidden\" name=\"_wpcf7_container_post\" value=\"0\" \/>\n<input type=\"hidden\" name=\"_wpcf7_posted_data_hash\" value=\"\" \/>\n<\/div>\n<div class=\"fusion-columns fusion-clearfix\" style=\"margin-bottom: 20px;\">\n<div class=\"col-lg-6 col-md-6 col-sm-12\">Appellido *<br \/>\n    <span class=\"wpcf7-form-control-wrap\" data-name=\"first-name\"><input type=\"text\" name=\"first-name\" value=\"\" size=\"40\" class=\"wpcf7-form-control wpcf7-text wpcf7-validates-as-required\" aria-required=\"true\" aria-invalid=\"false\" \/><\/span><\/div>\n<div class=\"col-lg-6 col-md-6 col-sm-12\">Nombre *<br \/>\n    <span class=\"wpcf7-form-control-wrap\" data-name=\"last-name\"><input type=\"text\" name=\"last-name\" value=\"\" size=\"40\" class=\"wpcf7-form-control wpcf7-text wpcf7-validates-as-required\" aria-required=\"true\" aria-invalid=\"false\" \/><\/span><\/div>\n<\/div>\n<div class=\"fusion-columns fusion-clearfix\" style=\"margin-bottom: 20px;\">\n<div class=\"col-lg-6 col-md-6 col-sm-12\">Correo electr\u00f3nico*<br \/>\n    <span class=\"wpcf7-form-control-wrap\" data-name=\"your-email\"><input type=\"email\" name=\"your-email\" value=\"\" size=\"40\" class=\"wpcf7-form-control wpcf7-text wpcf7-email wpcf7-validates-as-required wpcf7-validates-as-email\" aria-required=\"true\" aria-invalid=\"false\" \/><\/span> <\/div>\n<div class=\"col-lg-6 col-md-6 col-sm-12\">Tel\u00e9fono<br \/>\n    <span class=\"wpcf7-form-control-wrap\" data-name=\"phone-number\"><input type=\"text\" name=\"phone-number\" value=\"\" size=\"40\" class=\"wpcf7-form-control wpcf7-text\" aria-invalid=\"false\" \/><\/span><\/div>\n<\/div>\n<p>Empresa\/Organizaci\u00f3n<br \/>\n    <span class=\"wpcf7-form-control-wrap\" data-name=\"entreprise\"><input type=\"text\" name=\"entreprise\" value=\"\" size=\"40\" class=\"wpcf7-form-control wpcf7-text\" aria-invalid=\"false\" \/><\/span> <\/p>\n<p>Asunto<br \/>\n    <span class=\"wpcf7-form-control-wrap\" data-name=\"your-subject\"><input type=\"text\" name=\"your-subject\" value=\"\" size=\"40\" class=\"wpcf7-form-control wpcf7-text\" aria-invalid=\"false\" \/><\/span> <\/p>\n<p style=\"margin-bottom: 30px;\">Mensaje<br \/>\n    <span class=\"wpcf7-form-control-wrap\" data-name=\"your-message\"><textarea name=\"your-message\" cols=\"40\" rows=\"10\" class=\"wpcf7-form-control wpcf7-textarea\" aria-invalid=\"false\"><\/textarea><\/span> <\/p>\n<div class=\"fusion-columns fusion-clearfix\" style=\"margin-bottom: 20px;\">\n<div class=\"col-lg-6 col-md-6 col-sm-12\">Adjunta tus documentos (Pdf, Doc,...)<br \/>\n    <span class=\"wpcf7-form-control-wrap\" data-name=\"file-137\"><input type=\"file\" name=\"file-137\" size=\"40\" class=\"wpcf7-form-control wpcf7-file\" accept=\".pdf\" aria-invalid=\"false\" \/><\/span> <\/div>\n<div class=\"col-lg-6 col-md-6 col-sm-12\">\n    <\/div>\n<\/div>\n<p>&nbsp<\/p>\n<p><span class=\"wpcf7-form-control-wrap\" data-name=\"acceptance-115\"><span class=\"wpcf7-form-control wpcf7-acceptance optional\"><span class=\"wpcf7-list-item\"><label><input type=\"checkbox\" name=\"acceptance-115\" value=\"1\" aria-invalid=\"false\" \/><span class=\"wpcf7-list-item-label\">Acepto que mis datos sean utilizados para contactar conmigo *<\/span><\/label><\/span><\/span><\/span><\/p>\n<p><input type=\"submit\" value=\"Enviar\" class=\"wpcf7-form-control has-spinner wpcf7-submit\" \/><\/p>\n<div class=\"fusion-alert alert custom alert-custom fusion-alert-center wpcf7-response-output alert-dismissable\" style=\"border-width:1px;\"><button type=\"button\" class=\"close toggle-alert\" data-dismiss=\"alert\" aria-hidden=\"true\">&times;<\/button><div class=\"fusion-alert-content-wrapper\"><span class=\"fusion-alert-content\"><\/span><\/div><\/div><\/form><\/div><div class=\"fusion-separator fusion-full-width-sep\" style=\"align-self: center;margin-left: auto;margin-right: auto;margin-top:3%;margin-bottom:5%;width:100%;\"><\/div><div class=\"fusion-text fusion-text-3\"><p style=\"font-size: 14px; text-align: left;\"><em>*\u00a0 De acuerdo con el reglamento europeo RGPD, la informaci\u00f3n de contacto que me proporciones se utilizar\u00e1 estrictamente para la prospecci\u00f3n y la relaci\u00f3n comercial entre nuestras dos entidades.<\/em><\/p>\n<\/div><\/div><\/div><style type=\"text\/css\">.fusion-body .fusion-builder-column-1{width:60% !important;margin-top : 0px;margin-bottom : 0px;}.fusion-builder-column-1 > .fusion-column-wrapper {padding-top : 8% !important;padding-right : 10% !important;margin-right : 3.2%;padding-bottom : 8% !important;padding-left : 10% !important;margin-left : 3.2%;}@media only screen and (max-width:1024px) {.fusion-body .fusion-builder-column-1{width:60% !important;order : 0;}.fusion-builder-column-1 > .fusion-column-wrapper {margin-right : 3.2%;margin-left : 3.2%;}}@media only screen and (max-width:640px) {.fusion-body .fusion-builder-column-1{width:100% !important;order : 0;}.fusion-builder-column-1 > .fusion-column-wrapper {margin-right : 1.92%;margin-left : 1.92%;}}<\/style><\/div><style type=\"text\/css\">.fusion-body .fusion-flex-container.fusion-builder-row-1{ padding-top : 5%;margin-top : 0px;padding-right : 10%;padding-bottom : 5%;margin-bottom : 0px;padding-left : 10%;}<\/style><\/div>\n","protected":false},"excerpt":{"rendered":"","protected":false},"author":1,"featured_media":0,"parent":0,"menu_order":0,"comment_status":"closed","ping_status":"closed","template":"100-width.php","meta":{"footnotes":""},"class_list":["post-979","page","type-page","status-publish","hentry"],"yoast_head":"<!-- This site is optimized with the Yoast SEO plugin v19.4 - https:\/\/yoast.com\/wordpress\/plugins\/seo\/ -->\n<title>Cont\u00e1ctame - Nicolas Marie<\/title>\n<meta name=\"robots\" content=\"index, follow, max-snippet:-1, max-image-preview:large, max-video-preview:-1\" \/>\n<link rel=\"canonical\" href=\"https:\/\/www.nm-translator.com\/es\/contactame\/\" \/>\n<meta property=\"og:locale\" content=\"es_ES\" \/>\n<meta property=\"og:type\" content=\"article\" \/>\n<meta property=\"og:title\" content=\"Cont\u00e1ctame - Nicolas Marie\" \/>\n<meta property=\"og:url\" content=\"https:\/\/www.nm-translator.com\/es\/contactame\/\" \/>\n<meta property=\"og:site_name\" content=\"Nicolas Marie\" \/>\n<meta property=\"article:modified_time\" content=\"2022-08-08T09:11:06+00:00\" \/>\n<meta name=\"twitter:card\" content=\"summary_large_image\" \/>\n<meta name=\"twitter:label1\" content=\"Tiempo de lectura\" \/>\n\t<meta name=\"twitter:data1\" content=\"4 minutos\" \/>\n<script type=\"application\/ld+json\" class=\"yoast-schema-graph\">{\"@context\":\"https:\/\/schema.org\",\"@graph\":[{\"@type\":[\"Person\",\"Organization\"],\"@id\":\"https:\/\/www.nm-translator.com\/#\/schema\/person\/4819442ced15b3d4c4a5b480f0293714\",\"name\":\"530380062NMATRAD2022\",\"image\":{\"@type\":\"ImageObject\",\"inLanguage\":\"es\",\"@id\":\"https:\/\/www.nm-translator.com\/#\/schema\/person\/image\/\",\"url\":\"https:\/\/secure.gravatar.com\/avatar\/4d3190ad6d35e760f615a428979d2e0a59af9d721dba8b6083fa89af3fe7fbb0?s=96&d=mm&r=g\",\"contentUrl\":\"https:\/\/secure.gravatar.com\/avatar\/4d3190ad6d35e760f615a428979d2e0a59af9d721dba8b6083fa89af3fe7fbb0?s=96&d=mm&r=g\",\"caption\":\"530380062NMATRAD2022\"},\"logo\":{\"@id\":\"https:\/\/www.nm-translator.com\/#\/schema\/person\/image\/\"},\"sameAs\":[\"https:\/\/www.nm-translator.com\",\"https:\/\/fr.linkedin.com\/in\/nicolas-marie-79636111\"]},{\"@type\":\"WebSite\",\"@id\":\"https:\/\/www.nm-translator.com\/#website\",\"url\":\"https:\/\/www.nm-translator.com\/\",\"name\":\"Nicolas Marie\",\"description\":\"Traducteur de l&#039;anglais et du su&eacute;dois vers le fran&ccedil;ais\",\"publisher\":{\"@id\":\"https:\/\/www.nm-translator.com\/#\/schema\/person\/4819442ced15b3d4c4a5b480f0293714\"},\"potentialAction\":[{\"@type\":\"SearchAction\",\"target\":{\"@type\":\"EntryPoint\",\"urlTemplate\":\"https:\/\/www.nm-translator.com\/?s={search_term_string}\"},\"query-input\":\"required name=search_term_string\"}],\"inLanguage\":\"es\"},{\"@type\":\"WebPage\",\"@id\":\"https:\/\/www.nm-translator.com\/es\/contactame\/\",\"url\":\"https:\/\/www.nm-translator.com\/es\/contactame\/\",\"name\":\"Cont\u00e1ctame - Nicolas Marie\",\"isPartOf\":{\"@id\":\"https:\/\/www.nm-translator.com\/#website\"},\"datePublished\":\"2022-07-18T11:37:42+00:00\",\"dateModified\":\"2022-08-08T09:11:06+00:00\",\"breadcrumb\":{\"@id\":\"https:\/\/www.nm-translator.com\/es\/contactame\/#breadcrumb\"},\"inLanguage\":\"es\",\"potentialAction\":[{\"@type\":\"ReadAction\",\"target\":[\"https:\/\/www.nm-translator.com\/es\/contactame\/\"]}]},{\"@type\":\"BreadcrumbList\",\"@id\":\"https:\/\/www.nm-translator.com\/es\/contactame\/#breadcrumb\",\"itemListElement\":[{\"@type\":\"ListItem\",\"position\":1,\"name\":\"Accueil\",\"item\":\"https:\/\/www.nm-translator.com\/es\/\"},{\"@type\":\"ListItem\",\"position\":2,\"name\":\"Cont\u00e1ctame\"}]}]}<\/script>\n<!-- \/ Yoast SEO plugin. -->","yoast_head_json":{"title":"Cont\u00e1ctame - Nicolas Marie","robots":{"index":"index","follow":"follow","max-snippet":"max-snippet:-1","max-image-preview":"max-image-preview:large","max-video-preview":"max-video-preview:-1"},"canonical":"https:\/\/www.nm-translator.com\/es\/contactame\/","og_locale":"es_ES","og_type":"article","og_title":"Cont\u00e1ctame - Nicolas Marie","og_url":"https:\/\/www.nm-translator.com\/es\/contactame\/","og_site_name":"Nicolas Marie","article_modified_time":"2022-08-08T09:11:06+00:00","twitter_card":"summary_large_image","twitter_misc":{"Tiempo de lectura":"4 minutos"},"schema":{"@context":"https:\/\/schema.org","@graph":[{"@type":["Person","Organization"],"@id":"https:\/\/www.nm-translator.com\/#\/schema\/person\/4819442ced15b3d4c4a5b480f0293714","name":"530380062NMATRAD2022","image":{"@type":"ImageObject","inLanguage":"es","@id":"https:\/\/www.nm-translator.com\/#\/schema\/person\/image\/","url":"https:\/\/secure.gravatar.com\/avatar\/4d3190ad6d35e760f615a428979d2e0a59af9d721dba8b6083fa89af3fe7fbb0?s=96&d=mm&r=g","contentUrl":"https:\/\/secure.gravatar.com\/avatar\/4d3190ad6d35e760f615a428979d2e0a59af9d721dba8b6083fa89af3fe7fbb0?s=96&d=mm&r=g","caption":"530380062NMATRAD2022"},"logo":{"@id":"https:\/\/www.nm-translator.com\/#\/schema\/person\/image\/"},"sameAs":["https:\/\/www.nm-translator.com","https:\/\/fr.linkedin.com\/in\/nicolas-marie-79636111"]},{"@type":"WebSite","@id":"https:\/\/www.nm-translator.com\/#website","url":"https:\/\/www.nm-translator.com\/","name":"Nicolas Marie","description":"Traducteur de l&#039;anglais et du su&eacute;dois vers le fran&ccedil;ais","publisher":{"@id":"https:\/\/www.nm-translator.com\/#\/schema\/person\/4819442ced15b3d4c4a5b480f0293714"},"potentialAction":[{"@type":"SearchAction","target":{"@type":"EntryPoint","urlTemplate":"https:\/\/www.nm-translator.com\/?s={search_term_string}"},"query-input":"required name=search_term_string"}],"inLanguage":"es"},{"@type":"WebPage","@id":"https:\/\/www.nm-translator.com\/es\/contactame\/","url":"https:\/\/www.nm-translator.com\/es\/contactame\/","name":"Cont\u00e1ctame - Nicolas Marie","isPartOf":{"@id":"https:\/\/www.nm-translator.com\/#website"},"datePublished":"2022-07-18T11:37:42+00:00","dateModified":"2022-08-08T09:11:06+00:00","breadcrumb":{"@id":"https:\/\/www.nm-translator.com\/es\/contactame\/#breadcrumb"},"inLanguage":"es","potentialAction":[{"@type":"ReadAction","target":["https:\/\/www.nm-translator.com\/es\/contactame\/"]}]},{"@type":"BreadcrumbList","@id":"https:\/\/www.nm-translator.com\/es\/contactame\/#breadcrumb","itemListElement":[{"@type":"ListItem","position":1,"name":"Accueil","item":"https:\/\/www.nm-translator.com\/es\/"},{"@type":"ListItem","position":2,"name":"Cont\u00e1ctame"}]}]}},"_links":{"self":[{"href":"https:\/\/www.nm-translator.com\/es\/wp-json\/wp\/v2\/pages\/979","targetHints":{"allow":["GET"]}}],"collection":[{"href":"https:\/\/www.nm-translator.com\/es\/wp-json\/wp\/v2\/pages"}],"about":[{"href":"https:\/\/www.nm-translator.com\/es\/wp-json\/wp\/v2\/types\/page"}],"author":[{"embeddable":true,"href":"https:\/\/www.nm-translator.com\/es\/wp-json\/wp\/v2\/users\/1"}],"replies":[{"embeddable":true,"href":"https:\/\/www.nm-translator.com\/es\/wp-json\/wp\/v2\/comments?post=979"}],"version-history":[{"count":5,"href":"https:\/\/www.nm-translator.com\/es\/wp-json\/wp\/v2\/pages\/979\/revisions"}],"predecessor-version":[{"id":1483,"href":"https:\/\/www.nm-translator.com\/es\/wp-json\/wp\/v2\/pages\/979\/revisions\/1483"}],"wp:attachment":[{"href":"https:\/\/www.nm-translator.com\/es\/wp-json\/wp\/v2\/media?parent=979"}],"curies":[{"name":"wp","href":"https:\/\/api.w.org\/{rel}","templated":true}]}}